{"id":945,"date":"2025-09-22T09:17:25","date_gmt":"2025-09-22T09:17:25","guid":{"rendered":"https:\/\/www.elinarodriguez.fi\/index.php\/home\/"},"modified":"2026-01-28T19:48:34","modified_gmt":"2026-01-28T19:48:34","slug":"minusta","status":"publish","type":"page","link":"https:\/\/www.elinarodriguez.fi\/index.php\/minusta\/","title":{"rendered":"Elina"},"content":{"rendered":"\n<div class=\"wp-block-columns alignfull is-layout-flex wp-container-core-columns-is-layout-28f84493 wp-block-columns-is-layout-flex\">\n<div class=\"wp-block-column is-layout-flow wp-block-column-is-layout-flow\" style=\"padding-left:var(--wp--preset--spacing--80);flex-basis:50%\">\n<figure class=\"wp-block-image aligncenter size-large is-resized is-style-default\" style=\"margin-right:0;margin-left:var(--wp--preset--spacing--70)\"><img loading=\"lazy\" decoding=\"async\" width=\"1024\" height=\"731\" src=\"https:\/\/www.elinarodriguez.fi\/wp-content\/uploads\/2025\/09\/492329188_664357229890151_6180215324684641648_n-1024x731.jpg\" alt=\"Kuva Palestiina-mielenosoituksesta. Elina keskell\u00e4, p\u00e4\u00e4ss\u00e4 pinkki pipo ja valkoinen palestiinalaishuivi. Taustalla Amnesty Suomen kyltti tekstill\u00e4 &quot;Stop the genocide&quot;.\" class=\"wp-image-6\" style=\"aspect-ratio:1.4008248052543149;width:492px;height:auto\" srcset=\"https:\/\/www.elinarodriguez.fi\/wp-content\/uploads\/2025\/09\/492329188_664357229890151_6180215324684641648_n-1024x731.jpg 1024w, https:\/\/www.elinarodriguez.fi\/wp-content\/uploads\/2025\/09\/492329188_664357229890151_6180215324684641648_n-300x214.jpg 300w, https:\/\/www.elinarodriguez.fi\/wp-content\/uploads\/2025\/09\/492329188_664357229890151_6180215324684641648_n-768x548.jpg 768w, https:\/\/www.elinarodriguez.fi\/wp-content\/uploads\/2025\/09\/492329188_664357229890151_6180215324684641648_n-1536x1097.jpg 1536w, https:\/\/www.elinarodriguez.fi\/wp-content\/uploads\/2025\/09\/492329188_664357229890151_6180215324684641648_n-1140x814.jpg 1140w, https:\/\/www.elinarodriguez.fi\/wp-content\/uploads\/2025\/09\/492329188_664357229890151_6180215324684641648_n.jpg 2048w\" sizes=\"auto, (max-width: 1024px) 100vw, 1024px\" \/><\/figure>\n<\/div>\n\n\n\n<div class=\"wp-block-column is-vertically-aligned-center is-layout-flow wp-block-column-is-layout-flow\" style=\"padding-top:1em;padding-right:1em;padding-bottom:1em;padding-left:1em\">\n<div class=\"wp-block-columns is-layout-flex wp-container-core-columns-is-layout-28f84493 wp-block-columns-is-layout-flex\">\n<div class=\"wp-block-column is-layout-flow wp-block-column-is-layout-flow\" style=\"flex-basis:320px\">\n<p class=\"has-small-font-size\" style=\"line-height:1.6\"><strong>Minusta<\/strong><\/p>\n\n\n\n<p class=\"has-small-font-size\" style=\"line-height:1.6\">Olen espoolainen, vuonna 1993 syntynyt ja  it\u00e4suomalaiset juuret omaava vasemmistoaktiivi. Perheeseeni kuuluu meksikolais-yhdysvaltalainen kumppanini, kaksi lastamme sek\u00e4 k\u00e4\u00e4pi\u00f6pinserimme Kiki. Taustaltani olen yhteiskuntatieteiden maisteri ymp\u00e4rist\u00f6politiikasta ja luonnonvarahallinnasta, ja t\u00e4ll\u00e4 hetkell\u00e4 ty\u00f6skentelen el\u00e4inoikeusj\u00e4rjest\u00f6 Animaliassa el\u00e4inpoliittisena asiantuntijana.<\/p>\n\n\n\n<p class=\"has-small-font-size\" style=\"line-height:1.6\">Olen ollut mukana Espoon Vasemmistossa vuodesta 2023, jolloin l\u00e4hdin mukaan eduskuntavaaliehdokkaaksi. Viime kev\u00e4\u00e4n vaaleissa tulin valituksi Espoon kaupunginvaltuustoon sek\u00e4 L\u00e4nsi-Uudenmaan aluevaltuustoon. Valtuustopaikkojen lis\u00e4ksi toimin edustajanamme Espoon kaupunginhallituksen j\u00e4senen\u00e4 sek\u00e4 aluevaltuustoryhm\u00e4mme toisena varapuheenjohtajana. Olen my\u00f6s Vasemmistoliiton puoluevaltuuston varaj\u00e4sen. <\/p>\n\n\n\n<p class=\"has-small-font-size\" style=\"line-height:1.6\">Teen aktiivisesti vaikuttamisty\u00f6t\u00e4 sosiaalisen median eri kanavissa nimimerkill\u00e4 @rodrelina.<\/p>\n\n\n\n<p class=\"has-small-font-size\" style=\"line-height:1.6\">Minulle on t\u00e4rke\u00e4\u00e4 erityisesti antikapitalistinen ote politiikkaan, antirasismi ja sosiaalinen oikeudenmukaisuus, el\u00e4inten n\u00e4k\u00f6kulma, ilmastokriisin torjunta sek\u00e4 se, ett\u00e4 vasemmisto on rohkea vastavoima taantumukselle silloinkin, kun se on vallitsevassa poliittisessa ilmapiiriss\u00e4 haastavaa.<\/p>\n\n\n\n<p>El\u00e4mme aikaa, jossa monet kriisit vaikuttavat yh\u00e4 enenev\u00e4ss\u00e4 m\u00e4\u00e4rin ihmisten el\u00e4m\u00e4\u00e4n. Ilmastokriisin kiihtyminen ja asenteiden koventuminen tulevat lis\u00e4\u00e4m\u00e4\u00e4n konflikteja ja entisest\u00e4\u00e4n heikent\u00e4m\u00e4\u00e4n ihmisten ja muunlajisten el\u00e4inten el\u00e4m\u00e4\u00e4. N\u00e4it\u00e4 uhkia ei torjuta romuttamalla ihmisten hyvinvointia ja yhdenvertaisuutta. Valitettavasti suunta on nyt p\u00e4invastainen, ja siksi olen mukana politiikassa.<\/p>\n<\/div>\n<\/div>\n<\/div>\n<\/div>\n\n\n\n<div style=\"height:100px\" aria-hidden=\"true\" class=\"wp-block-spacer\"><\/div>\n\n\n\n<div class=\"wp-block-columns alignwide full-width has-background is-layout-flex wp-container-core-columns-is-layout-908d9876 wp-block-columns-is-layout-flex\" style=\"background-color:#ededed;margin-top:var(--wp--preset--spacing--30);margin-bottom:var(--wp--preset--spacing--30);padding-top:var(--wp--preset--spacing--50);padding-right:var(--wp--preset--spacing--80);padding-bottom:var(--wp--preset--spacing--50);padding-left:var(--wp--preset--spacing--80)\">\n<div class=\"wp-block-column is-layout-flow wp-block-column-is-layout-flow\">\n<hr class=\"wp-block-separator has-text-color has-foreground-color has-alpha-channel-opacity has-foreground-background-color has-background is-style-wide\"\/>\n\n\n\n<h2 class=\"wp-block-heading\" id=\"1\" style=\"font-size:var(--wp--custom--typography--font-size--gigantic, clamp(2.75rem, 6vw, 3.25rem));line-height:0.5\">1<\/h2>\n\n\n\n<h3 class=\"wp-block-heading has-x-large-font-size\" id=\"pigeon\">Ihmis- ja el\u00e4inoikeudet<\/h3>\n\n\n\n<div style=\"height:36px\" aria-hidden=\"true\" class=\"wp-block-spacer\"><\/div>\n<\/div>\n\n\n\n<div class=\"wp-block-column is-layout-flow wp-block-column-is-layout-flow\">\n<hr class=\"wp-block-separator has-text-color has-foreground-color has-alpha-channel-opacity has-foreground-background-color has-background is-style-wide\"\/>\n\n\n\n<h2 class=\"wp-block-heading\" id=\"2\" style=\"font-size:clamp(2.75rem, 6vw, 3.25rem);line-height:0.5\">2<\/h2>\n\n\n\n<h3 class=\"wp-block-heading has-x-large-font-size\" id=\"sparrow\">Ilmasto- ja ymp\u00e4rist\u00f6toimet<\/h3>\n\n\n\n<p><\/p>\n\n\n\n<div style=\"height:16px\" aria-hidden=\"true\" class=\"wp-block-spacer\"><\/div>\n<\/div>\n\n\n\n<div class=\"wp-block-column is-layout-flow wp-block-column-is-layout-flow\">\n<hr class=\"wp-block-separator has-text-color has-foreground-color has-alpha-channel-opacity has-foreground-background-color has-background is-style-wide\"\/>\n\n\n\n<h2 class=\"wp-block-heading\" id=\"3\" style=\"font-size:clamp(2.75rem, 6vw, 3.25rem);line-height:0.5\">3<\/h2>\n\n\n\n<h3 class=\"wp-block-heading has-x-large-font-size\" id=\"falcon\">Hyvinvointi<\/h3>\n\n\n\n<p><\/p>\n\n\n\n<div style=\"height:16px\" aria-hidden=\"true\" class=\"wp-block-spacer\"><\/div>\n<\/div>\n<\/div>\n\n\n<style>\n.full-width{<br \/>\n    width: 100vw;<br \/>\n    max-width: 100vw;<br \/>\n    justify-self: center;<br \/>\n}<br \/>\n<\/style>","protected":false},"excerpt":{"rendered":"<p>Minusta Olen espoolainen, vuonna 1993 syntynyt ja it\u00e4suomalaiset juuret omaava vasemmistoaktiivi. Perheeseeni kuuluu meksikolais-yhdysvaltalainen kumppanini, kaksi lastamme sek\u00e4 k\u00e4\u00e4pi\u00f6pinserimme Kiki. Taustaltani olen yhteiskuntatieteiden maisteri ymp\u00e4rist\u00f6politiikasta ja luonnonvarahallinnasta, ja t\u00e4ll\u00e4 hetkell\u00e4 ty\u00f6skentelen el\u00e4inoikeusj\u00e4rjest\u00f6 Animaliassa el\u00e4inpoliittisena asiantuntijana. Olen ollut mukana Espoon Vasemmistossa vuodesta 2023, jolloin l\u00e4hdin mukaan eduskuntavaaliehdokkaaksi. Viime kev\u00e4\u00e4n vaaleissa tulin valituksi Espoon kaupunginvaltuustoon sek\u00e4 L\u00e4nsi-Uudenmaan [&hellip;]<\/p>\n","protected":false},"author":3,"featured_media":0,"parent":0,"menu_order":0,"comment_status":"closed","ping_status":"closed","template":"","meta":{"footnotes":""},"class_list":["post-945","page","type-page","status-publish","hentry"],"_links":{"self":[{"href":"https:\/\/www.elinarodriguez.fi\/index.php\/wp-json\/wp\/v2\/pages\/945","targetHints":{"allow":["GET"]}}],"collection":[{"href":"https:\/\/www.elinarodriguez.fi\/index.php\/wp-json\/wp\/v2\/pages"}],"about":[{"href":"https:\/\/www.elinarodriguez.fi\/index.php\/wp-json\/wp\/v2\/types\/page"}],"author":[{"embeddable":true,"href":"https:\/\/www.elinarodriguez.fi\/index.php\/wp-json\/wp\/v2\/users\/3"}],"replies":[{"embeddable":true,"href":"https:\/\/www.elinarodriguez.fi\/index.php\/wp-json\/wp\/v2\/comments?post=945"}],"version-history":[{"count":27,"href":"https:\/\/www.elinarodriguez.fi\/index.php\/wp-json\/wp\/v2\/pages\/945\/revisions"}],"predecessor-version":[{"id":1268,"href":"https:\/\/www.elinarodriguez.fi\/index.php\/wp-json\/wp\/v2\/pages\/945\/revisions\/1268"}],"wp:attachment":[{"href":"https:\/\/www.elinarodriguez.fi\/index.php\/wp-json\/wp\/v2\/media?parent=945"}],"curies":[{"name":"wp","href":"https:\/\/api.w.org\/{rel}","templated":true}]}}