{"id":963,"date":"2025-09-22T09:57:38","date_gmt":"2025-09-22T09:57:38","guid":{"rendered":"https:\/\/www.elinarodriguez.fi\/?page_id=963"},"modified":"2026-01-28T19:23:03","modified_gmt":"2026-01-28T19:23:03","slug":"etusivu","status":"publish","type":"page","link":"https:\/\/www.elinarodriguez.fi\/","title":{"rendered":"Etusivu"},"content":{"rendered":"\n<div class=\"wp-block-cover alignfull is-light full-width-hero\" style=\"margin-top:-1.5rem;margin-bottom:0;min-height:558px;aspect-ratio:unset;\"><img decoding=\"async\" class=\"wp-block-cover__image-background wp-image-948 size-full\" alt=\"\" src=\"https:\/\/www.elinarodriguez.fi\/wp-content\/uploads\/2025\/09\/015.jpg\" style=\"object-position:53% 35%\" data-object-fit=\"cover\" data-object-position=\"53% 35%\"\/><span aria-hidden=\"true\" class=\"wp-block-cover__background has-background-dim-0 has-background-dim\" style=\"background-color:#b4b7c3\"><\/span><div class=\"wp-block-cover__inner-container is-layout-flow wp-block-cover-is-layout-flow\">\n<p class=\"has-text-align-right has-large-font-size\"><\/p>\n<\/div><\/div>\n\n\n\n<div class=\"wp-block-group is-layout-constrained wp-block-group-is-layout-constrained\" style=\"margin-top:var(--wp--preset--spacing--50);margin-bottom:var(--wp--preset--spacing--50)\">\n<h2 class=\"wp-block-heading\" style=\"font-size:38px;line-height:1.4\"><strong>Tervetuloa sivuilleni!<\/strong><\/h2>\n\n\n\n<div class=\"wp-block-columns is-layout-flex wp-container-core-columns-is-layout-28f84493 wp-block-columns-is-layout-flex\">\n<div class=\"wp-block-column is-layout-flow wp-block-column-is-layout-flow\">\n<p>Espoon kaupunginvaltuuston ja kaupunginhallituksen j\u00e4sen. L\u00e4nsi-Uudenmaan aluevaltuuston j\u00e4sen ja Vasemmistoliiton aluevaltuustoryhm\u00e4n 2. varapuheenjohtaja. <\/p>\n<\/div>\n<\/div>\n<\/div>\n\n\n\n<div style=\"height:4vw\" aria-hidden=\"true\" class=\"wp-block-spacer\"><\/div>\n\n\n\n<div class=\"wp-block-columns alignwide full-width has-vertical-secondary-to-tertiary-gradient-background has-background is-layout-flex wp-container-core-columns-is-layout-908d9876 wp-block-columns-is-layout-flex\" style=\"margin-top:var(--wp--preset--spacing--30);margin-bottom:var(--wp--preset--spacing--30);padding-top:var(--wp--preset--spacing--50);padding-right:var(--wp--preset--spacing--80);padding-bottom:var(--wp--preset--spacing--50);padding-left:var(--wp--preset--spacing--80)\">\n<div class=\"wp-block-column is-layout-flow wp-block-column-is-layout-flow\">\n<hr class=\"wp-block-separator has-text-color has-foreground-color has-alpha-channel-opacity has-foreground-background-color has-background is-style-wide\"\/>\n\n\n\n<h2 class=\"wp-block-heading\" id=\"1\" style=\"font-size:var(--wp--custom--typography--font-size--gigantic, clamp(2.75rem, 6vw, 3.25rem));line-height:0.5\">1<\/h2>\n\n\n\n<h3 class=\"wp-block-heading has-x-large-font-size\" id=\"pigeon\">Radikaalia empatiaa<\/h3>\n\n\n\n<p><\/p>\n\n\n\n<div style=\"height:16px\" aria-hidden=\"true\" class=\"wp-block-spacer\"><\/div>\n<\/div>\n\n\n\n<div class=\"wp-block-column is-layout-flow wp-block-column-is-layout-flow\">\n<hr class=\"wp-block-separator has-text-color has-foreground-color has-alpha-channel-opacity has-foreground-background-color has-background is-style-wide\"\/>\n\n\n\n<h2 class=\"wp-block-heading\" id=\"2\" style=\"font-size:clamp(2.75rem, 6vw, 3.25rem);line-height:0.5\">2<\/h2>\n\n\n\n<h3 class=\"wp-block-heading has-x-large-font-size\" id=\"sparrow\">Kapinaa<\/h3>\n\n\n\n<p><\/p>\n\n\n\n<div style=\"height:16px\" aria-hidden=\"true\" class=\"wp-block-spacer\"><\/div>\n<\/div>\n\n\n\n<div class=\"wp-block-column is-layout-flow wp-block-column-is-layout-flow\">\n<hr class=\"wp-block-separator has-text-color has-foreground-color has-alpha-channel-opacity has-foreground-background-color has-background is-style-wide\"\/>\n\n\n\n<h2 class=\"wp-block-heading\" id=\"3\" style=\"font-size:clamp(2.75rem, 6vw, 3.25rem);line-height:0.5\">3<\/h2>\n\n\n\n<h3 class=\"wp-block-heading has-x-large-font-size\" id=\"falcon\">Antikapitalismia<\/h3>\n\n\n\n<p><\/p>\n\n\n\n<div style=\"height:16px\" aria-hidden=\"true\" class=\"wp-block-spacer\"><\/div>\n<\/div>\n<\/div>\n\n\n<style>\n.full-width{<br \/>\n    width: 100vw;<br \/>\n    justify-self: center;<br \/>\n}<br \/>\n<\/style>\n\n\n<div style=\"height:3vw\" aria-hidden=\"true\" class=\"wp-block-spacer\"><\/div>\n\n\n\n<div class=\"wp-block-group is-content-justification-space-between is-nowrap is-layout-flex wp-container-core-group-is-layout-8015d7ba wp-block-group-is-layout-flex\" style=\"margin-top:0;margin-bottom:0;padding-top:var(--wp--preset--spacing--50);padding-right:var(--wp--preset--spacing--30);padding-bottom:var(--wp--preset--spacing--50);padding-left:var(--wp--preset--spacing--30)\">\n<div class=\"wp-block-group is-vertical is-layout-flex wp-container-core-group-is-layout-861bd258 wp-block-group-is-layout-flex\" style=\"padding-right:var(--wp--preset--spacing--40);padding-left:0\">\n<h2 class=\"wp-block-heading\">Seuraa politiikkaani ja aktivismiani<\/h2>\n\n\n\n<ul class=\"wp-block-social-links has-icon-color has-icon-background-color is-style-default is-horizontal is-content-justification-left is-layout-flex wp-container-core-social-links-is-layout-20be11b6 wp-block-social-links-is-layout-flex\"><li style=\"color:#ffffff;background-color:#232323;\" class=\"wp-social-link wp-social-link-facebook has-background-color wp-block-social-link\"><a href=\"https:\/\/www.facebook.com\/rodrelina\/\" class=\"wp-block-social-link-anchor\"><svg width=\"24\" height=\"24\" viewBox=\"0 0 24 24\" version=\"1.1\" xmlns=\"http:\/\/www.w3.org\/2000\/svg\" aria-hidden=\"true\" focusable=\"false\"><path d=\"M12 2C6.5 2 2 6.5 2 12c0 5 3.7 9.1 8.4 9.9v-7H7.9V12h2.5V9.8c0-2.5 1.5-3.9 3.8-3.9 1.1 0 2.2.2 2.2.2v2.5h-1.3c-1.2 0-1.6.8-1.6 1.6V12h2.8l-.4 2.9h-2.3v7C18.3 21.1 22 17 22 12c0-5.5-4.5-10-10-10z\"><\/path><\/svg><span class=\"wp-block-social-link-label screen-reader-text\">Facebook<\/span><\/a><\/li>\n\n<li style=\"color:#ffffff;background-color:#232323;\" class=\"wp-social-link wp-social-link-bluesky has-background-color wp-block-social-link\"><a href=\"https:\/\/www.instagram.com\/rodrelina\/\" class=\"wp-block-social-link-anchor\"><svg width=\"24\" height=\"24\" viewBox=\"0 0 24 24\" version=\"1.1\" xmlns=\"http:\/\/www.w3.org\/2000\/svg\" aria-hidden=\"true\" focusable=\"false\"><path d=\"M6.3,4.2c2.3,1.7,4.8,5.3,5.7,7.2.9-1.9,3.4-5.4,5.7-7.2,1.7-1.3,4.3-2.2,4.3.9s-.4,5.2-.6,5.9c-.7,2.6-3.3,3.2-5.6,2.8,4,.7,5.1,3,2.9,5.3-5,5.2-6.7-2.8-6.7-2.8,0,0-1.7,8-6.7,2.8-2.2-2.3-1.2-4.6,2.9-5.3-2.3.4-4.9-.3-5.6-2.8-.2-.7-.6-5.3-.6-5.9,0-3.1,2.7-2.1,4.3-.9h0Z\"><\/path><\/svg><span class=\"wp-block-social-link-label screen-reader-text\">Bluesky<\/span><\/a><\/li>\n\n<li style=\"color:#ffffff;background-color:#232323;\" class=\"wp-social-link wp-social-link-tiktok has-background-color wp-block-social-link\"><a href=\"https:\/\/www.instagram.com\/rodrelina\/\" class=\"wp-block-social-link-anchor\"><svg width=\"24\" height=\"24\" viewBox=\"0 0 32 32\" version=\"1.1\" xmlns=\"http:\/\/www.w3.org\/2000\/svg\" aria-hidden=\"true\" focusable=\"false\"><path d=\"M16.708 0.027c1.745-0.027 3.48-0.011 5.213-0.027 0.105 2.041 0.839 4.12 2.333 5.563 1.491 1.479 3.6 2.156 5.652 2.385v5.369c-1.923-0.063-3.855-0.463-5.6-1.291-0.76-0.344-1.468-0.787-2.161-1.24-0.009 3.896 0.016 7.787-0.025 11.667-0.104 1.864-0.719 3.719-1.803 5.255-1.744 2.557-4.771 4.224-7.88 4.276-1.907 0.109-3.812-0.411-5.437-1.369-2.693-1.588-4.588-4.495-4.864-7.615-0.032-0.667-0.043-1.333-0.016-1.984 0.24-2.537 1.495-4.964 3.443-6.615 2.208-1.923 5.301-2.839 8.197-2.297 0.027 1.975-0.052 3.948-0.052 5.923-1.323-0.428-2.869-0.308-4.025 0.495-0.844 0.547-1.485 1.385-1.819 2.333-0.276 0.676-0.197 1.427-0.181 2.145 0.317 2.188 2.421 4.027 4.667 3.828 1.489-0.016 2.916-0.88 3.692-2.145 0.251-0.443 0.532-0.896 0.547-1.417 0.131-2.385 0.079-4.76 0.095-7.145 0.011-5.375-0.016-10.735 0.025-16.093z\" \/><\/svg><span class=\"wp-block-social-link-label screen-reader-text\">TikTok<\/span><\/a><\/li>\n\n<li style=\"color:#ffffff;background-color:#232323;\" class=\"wp-social-link wp-social-link-instagram has-background-color wp-block-social-link\"><a href=\"https:\/\/www.instagram.com\/rodrelina\/\" class=\"wp-block-social-link-anchor\"><svg width=\"24\" height=\"24\" viewBox=\"0 0 24 24\" version=\"1.1\" xmlns=\"http:\/\/www.w3.org\/2000\/svg\" aria-hidden=\"true\" focusable=\"false\"><path d=\"M12,4.622c2.403,0,2.688,0.009,3.637,0.052c0.877,0.04,1.354,0.187,1.671,0.31c0.42,0.163,0.72,0.358,1.035,0.673 c0.315,0.315,0.51,0.615,0.673,1.035c0.123,0.317,0.27,0.794,0.31,1.671c0.043,0.949,0.052,1.234,0.052,3.637 s-0.009,2.688-0.052,3.637c-0.04,0.877-0.187,1.354-0.31,1.671c-0.163,0.42-0.358,0.72-0.673,1.035 c-0.315,0.315-0.615,0.51-1.035,0.673c-0.317,0.123-0.794,0.27-1.671,0.31c-0.949,0.043-1.233,0.052-3.637,0.052 s-2.688-0.009-3.637-0.052c-0.877-0.04-1.354-0.187-1.671-0.31c-0.42-0.163-0.72-0.358-1.035-0.673 c-0.315-0.315-0.51-0.615-0.673-1.035c-0.123-0.317-0.27-0.794-0.31-1.671C4.631,14.688,4.622,14.403,4.622,12 s0.009-2.688,0.052-3.637c0.04-0.877,0.187-1.354,0.31-1.671c0.163-0.42,0.358-0.72,0.673-1.035 c0.315-0.315,0.615-0.51,1.035-0.673c0.317-0.123,0.794-0.27,1.671-0.31C9.312,4.631,9.597,4.622,12,4.622 M12,3 C9.556,3,9.249,3.01,8.289,3.054C7.331,3.098,6.677,3.25,6.105,3.472C5.513,3.702,5.011,4.01,4.511,4.511 c-0.5,0.5-0.808,1.002-1.038,1.594C3.25,6.677,3.098,7.331,3.054,8.289C3.01,9.249,3,9.556,3,12c0,2.444,0.01,2.751,0.054,3.711 c0.044,0.958,0.196,1.612,0.418,2.185c0.23,0.592,0.538,1.094,1.038,1.594c0.5,0.5,1.002,0.808,1.594,1.038 c0.572,0.222,1.227,0.375,2.185,0.418C9.249,20.99,9.556,21,12,21s2.751-0.01,3.711-0.054c0.958-0.044,1.612-0.196,2.185-0.418 c0.592-0.23,1.094-0.538,1.594-1.038c0.5-0.5,0.808-1.002,1.038-1.594c0.222-0.572,0.375-1.227,0.418-2.185 C20.99,14.751,21,14.444,21,12s-0.01-2.751-0.054-3.711c-0.044-0.958-0.196-1.612-0.418-2.185c-0.23-0.592-0.538-1.094-1.038-1.594 c-0.5-0.5-1.002-0.808-1.594-1.038c-0.572-0.222-1.227-0.375-2.185-0.418C14.751,3.01,14.444,3,12,3L12,3z M12,7.378 c-2.552,0-4.622,2.069-4.622,4.622S9.448,16.622,12,16.622s4.622-2.069,4.622-4.622S14.552,7.378,12,7.378z M12,15 c-1.657,0-3-1.343-3-3s1.343-3,3-3s3,1.343,3,3S13.657,15,12,15z M16.804,6.116c-0.596,0-1.08,0.484-1.08,1.08 s0.484,1.08,1.08,1.08c0.596,0,1.08-0.484,1.08-1.08S17.401,6.116,16.804,6.116z\"><\/path><\/svg><span class=\"wp-block-social-link-label screen-reader-text\">Instagram<\/span><\/a><\/li><\/ul>\n<\/div>\n\n\n\n<!-- Elfsight Instagram Feed | Elina Instagram Feed -->\n<script src=\"https:\/\/elfsightcdn.com\/platform.js\" async><\/script>\n<div class=\"elfsight-app-e6297909-c107-4b0e-872b-17c2c1180379\" data-elfsight-app-lazy><\/div>\n<\/div>\n\n\n\n<div class=\"wp-block-group is-vertical is-content-justification-center is-layout-flex wp-container-core-group-is-layout-3353d734 wp-block-group-is-layout-flex\" style=\"margin-top:0;margin-bottom:0;padding-top:var(--wp--preset--spacing--50);padding-right:var(--wp--preset--spacing--30);padding-bottom:var(--wp--preset--spacing--50);padding-left:var(--wp--preset--spacing--30)\">\n<!-- Elfsight TikTok Feed | Untitled TikTok Feed -->\n<script src=\"https:\/\/elfsightcdn.com\/platform.js\" async><\/script>\n<div class=\"elfsight-app-e7f7168a-070c-41a2-81e1-381a193f7585\" data-elfsight-app-lazy><\/div>\n<\/div>\n\n\n\n<div class=\"wp-block-group alignwide is-layout-flow wp-block-group-is-layout-flow\" style=\"margin-top:0;margin-bottom:0;padding-right:var(--wp--preset--spacing--30);padding-left:var(--wp--preset--spacing--30)\">\n<p><\/p>\n\n\n\n<h2 class=\"wp-block-heading\">Ajankohtaista<\/h2>\n\n\n\n<div class=\"wp-block-query is-layout-flow wp-block-query-is-layout-flow\"><ul class=\"columns-3 wp-block-post-template is-layout-grid wp-container-core-post-template-is-layout-6d3fbd8f wp-block-post-template-is-layout-grid\"><li class=\"wp-block-post post-1262 post type-post status-publish format-standard hentry category-uncategorized\">\n\n\n<h2 class=\"wp-block-post-title has-large-font-size\"><a href=\"https:\/\/www.elinarodriguez.fi\/index.php\/2026\/01\/28\/puoluevaltuuston-varajasen\/\" target=\"_self\" >Puoluevaltuuston varaj\u00e4sen<\/a><\/h2>\n\n<div class=\"wp-block-post-excerpt\"><p class=\"wp-block-post-excerpt__excerpt\">Vasemmistoliiton puoluekokous j\u00e4rjestettiin 14.11. ja 21.-23.11.2025 Vantaalla. Oli ihanaa n\u00e4hd\u00e4 muita vasemmistoliittolaisia ymp\u00e4ri Suomen, k\u00e4yd\u00e4 poliittista keskustelua tunteen palolla ja vaikuttaa puolueemme suuriin linjoihin. Kiitos Espoon vassareille, ett\u00e4 sain olla yksi puoluekokousedustajistanne! Minut valittiin Vasemmistoliiton&hellip; <\/p><\/div>\n\n<div class=\"wp-block-post-date has-small-font-size\"><time datetime=\"2026-01-28T19:36:22+00:00\">28.1.2026<\/time><\/div>\n<\/li><li class=\"wp-block-post post-1238 post type-post status-publish format-standard hentry category-uncategorized\">\n\n\n<h2 class=\"wp-block-post-title has-large-font-size\"><a href=\"https:\/\/www.elinarodriguez.fi\/index.php\/2025\/11\/18\/ehdolla-vasemmistoliiton-puoluevaltuustoon\/\" target=\"_self\" >Ehdolla Vasemmistoliiton puoluevaltuustoon<\/a><\/h2>\n\n<div class=\"wp-block-post-excerpt\"><p class=\"wp-block-post-excerpt__excerpt\">Olen ehdolla Vasemmistoliiton puoluevaltuuston yleisj\u00e4seneksi. Pyyd\u00e4n puoluekokousedustajien luottamusta t\u00e4h\u00e4n teht\u00e4v\u00e4\u00e4n tulevassa puoluekokouksessa 21.-23.11.2025. Olen 32-vuotias espoolainen vasemmistoaktiivi, jonka juuret ovat It\u00e4-Suomessa. Perheeseeni kuuluu meksikolais-yhdysvaltalainen kumppanini, kaksi lastamme sek\u00e4 k\u00e4\u00e4pi\u00f6pinserimme Kiki. Taustaltani olen yhteiskuntatieteiden maisteri ymp\u00e4rist\u00f6politiikasta&hellip; <\/p><\/div>\n\n<div class=\"wp-block-post-date has-small-font-size\"><time datetime=\"2025-11-18T07:51:52+00:00\">18.11.2025<\/time><\/div>\n<\/li><li class=\"wp-block-post post-1019 post type-post status-publish format-standard has-post-thumbnail hentry category-uncategorized\">\n<figure style=\"height:310px;\" class=\"wp-block-post-featured-image\"><a href=\"https:\/\/www.elinarodriguez.fi\/index.php\/2025\/09\/22\/elinan-ensimmainen-julkaisu\/\" target=\"_self\"  style=\"height:310px\"><img loading=\"lazy\" decoding=\"async\" width=\"2048\" height=\"1462\" src=\"https:\/\/www.elinarodriguez.fi\/wp-content\/uploads\/2025\/09\/492329188_664357229890151_6180215324684641648_n.jpg\" class=\"attachment-post-thumbnail size-post-thumbnail wp-post-image\" alt=\"Tervetuloa sivuilleni!\" style=\"height:310px;object-fit:cover;\" srcset=\"https:\/\/www.elinarodriguez.fi\/wp-content\/uploads\/2025\/09\/492329188_664357229890151_6180215324684641648_n.jpg 2048w, https:\/\/www.elinarodriguez.fi\/wp-content\/uploads\/2025\/09\/492329188_664357229890151_6180215324684641648_n-300x214.jpg 300w, https:\/\/www.elinarodriguez.fi\/wp-content\/uploads\/2025\/09\/492329188_664357229890151_6180215324684641648_n-1024x731.jpg 1024w, https:\/\/www.elinarodriguez.fi\/wp-content\/uploads\/2025\/09\/492329188_664357229890151_6180215324684641648_n-768x548.jpg 768w, https:\/\/www.elinarodriguez.fi\/wp-content\/uploads\/2025\/09\/492329188_664357229890151_6180215324684641648_n-1536x1097.jpg 1536w, https:\/\/www.elinarodriguez.fi\/wp-content\/uploads\/2025\/09\/492329188_664357229890151_6180215324684641648_n-1140x814.jpg 1140w\" sizes=\"auto, (max-width: 2048px) 100vw, 2048px\" \/><\/a><\/figure>\n\n<h2 class=\"wp-block-post-title has-large-font-size\"><a href=\"https:\/\/www.elinarodriguez.fi\/index.php\/2025\/09\/22\/elinan-ensimmainen-julkaisu\/\" target=\"_self\" >Tervetuloa sivuilleni!<\/a><\/h2>\n\n<div class=\"wp-block-post-excerpt\"><p class=\"wp-block-post-excerpt__excerpt\">Kuka Elina? Olen Elina Rodriguez, aktivisti ja vasemmistolainen poliitikko Espoosta. T\u00e4ll\u00e4 hetkell\u00e4 toimin Espoon kaupunginvaltuutettuna ja kaupunginhallituksen j\u00e4senen\u00e4 sek\u00e4 L\u00e4nsi-Uudenmaan hyvinvointialueen aluevaltuutettuna. Tervetuloa seuraamaan ty\u00f6t\u00e4ni! <\/p><\/div>\n\n<div class=\"wp-block-post-date has-small-font-size\"><time datetime=\"2025-09-22T12:25:13+00:00\">22.9.2025<\/time><\/div>\n<\/li><\/ul><\/div>\n<\/div>\n\n\n\n<div style=\"height:3vw\" aria-hidden=\"true\" class=\"wp-block-spacer\"><\/div>\n","protected":false},"excerpt":{"rendered":"<p>Tervetuloa sivuilleni! Espoon kaupunginvaltuuston ja kaupunginhallituksen j\u00e4sen. L\u00e4nsi-Uudenmaan aluevaltuuston j\u00e4sen ja Vasemmistoliiton aluevaltuustoryhm\u00e4n 2. varapuheenjohtaja. 1 Radikaalia empatiaa 2 Kapinaa 3 Antikapitalismia Seuraa politiikkaani ja aktivismiani Ajankohtaista<\/p>\n","protected":false},"author":3,"featured_media":0,"parent":0,"menu_order":0,"comment_status":"closed","ping_status":"closed","template":"","meta":{"footnotes":""},"class_list":["post-963","page","type-page","status-publish","hentry"],"_links":{"self":[{"href":"https:\/\/www.elinarodriguez.fi\/index.php\/wp-json\/wp\/v2\/pages\/963","targetHints":{"allow":["GET"]}}],"collection":[{"href":"https:\/\/www.elinarodriguez.fi\/index.php\/wp-json\/wp\/v2\/pages"}],"about":[{"href":"https:\/\/www.elinarodriguez.fi\/index.php\/wp-json\/wp\/v2\/types\/page"}],"author":[{"embeddable":true,"href":"https:\/\/www.elinarodriguez.fi\/index.php\/wp-json\/wp\/v2\/users\/3"}],"replies":[{"embeddable":true,"href":"https:\/\/www.elinarodriguez.fi\/index.php\/wp-json\/wp\/v2\/comments?post=963"}],"version-history":[{"count":94,"href":"https:\/\/www.elinarodriguez.fi\/index.php\/wp-json\/wp\/v2\/pages\/963\/revisions"}],"predecessor-version":[{"id":1260,"href":"https:\/\/www.elinarodriguez.fi\/index.php\/wp-json\/wp\/v2\/pages\/963\/revisions\/1260"}],"wp:attachment":[{"href":"https:\/\/www.elinarodriguez.fi\/index.php\/wp-json\/wp\/v2\/media?parent=963"}],"curies":[{"name":"wp","href":"https:\/\/api.w.org\/{rel}","templated":true}]}}